{"id":867,"date":"2021-02-15T12:05:10","date_gmt":"2021-02-15T12:05:10","guid":{"rendered":"https:\/\/wisdomcollaborative.org\/index.php\/contact\/"},"modified":"2026-02-17T15:49:45","modified_gmt":"2026-02-17T15:49:45","slug":"contact","status":"publish","type":"page","link":"https:\/\/old.wisdomcollaborative.org\/index.php\/contact\/","title":{"rendered":"Contact Us"},"content":{"rendered":"\t\t<div data-elementor-type=\"wp-page\" data-elementor-id=\"867\" class=\"elementor elementor-867\">\n\t\t\t\t\t\t\t<div class=\"elementor-element elementor-element-eb22df8 e-flex e-con-boxed wpr-particle-no wpr-jarallax-no wpr-parallax-no wpr-sticky-section-no e-con e-parent\" data-id=\"eb22df8\" data-element_type=\"container\" data-settings=\"{&quot;background_background&quot;:&quot;classic&quot;,&quot;content_width&quot;:&quot;boxed&quot;}\" data-core-v316-plus=\"true\">\n\t\t\t\t\t<div class=\"e-con-inner\">\n\t\t<div class=\"elementor-element elementor-element-0fe5317 e-con-full e-flex wpr-particle-no wpr-jarallax-no wpr-parallax-no wpr-sticky-section-no e-con e-child\" data-id=\"0fe5317\" data-element_type=\"container\" data-settings=\"{&quot;content_width&quot;:&quot;full&quot;}\">\n\t\t\t\t<div class=\"elementor-element elementor-element-1db6f3f elementor-widget elementor-widget-heading\" data-id=\"1db6f3f\" data-element_type=\"widget\" data-widget_type=\"heading.default\">\n\t\t\t\t<div class=\"elementor-widget-container\">\n\t\t\t<style>\/*! elementor - v3.18.0 - 20-12-2023 *\/\n.elementor-heading-title{padding:0;margin:0;line-height:1}.elementor-widget-heading .elementor-heading-title[class*=elementor-size-]>a{color:inherit;font-size:inherit;line-height:inherit}.elementor-widget-heading .elementor-heading-title.elementor-size-small{font-size:15px}.elementor-widget-heading .elementor-heading-title.elementor-size-medium{font-size:19px}.elementor-widget-heading .elementor-heading-title.elementor-size-large{font-size:29px}.elementor-widget-heading .elementor-heading-title.elementor-size-xl{font-size:39px}.elementor-widget-heading .elementor-heading-title.elementor-size-xxl{font-size:59px}<\/style><h1 class=\"elementor-heading-title elementor-size-default\">Contact Us<\/h1>\t\t<\/div>\n\t\t\t\t<\/div>\n\t\t\t\t<div class=\"elementor-element elementor-element-8907aa5 elementor-view-stacked elementor-position-left elementor-shape-circle elementor-mobile-position-top elementor-vertical-align-top elementor-widget elementor-widget-icon-box\" data-id=\"8907aa5\" data-element_type=\"widget\" data-widget_type=\"icon-box.default\">\n\t\t\t\t<div class=\"elementor-widget-container\">\n\t\t\t<link rel=\"stylesheet\" href=\"https:\/\/old.wisdomcollaborative.org\/wp-content\/plugins\/elementor\/assets\/css\/widget-icon-box.min.css\">\t\t<div class=\"elementor-icon-box-wrapper\">\n\t\t\t\t\t\t<div class=\"elementor-icon-box-icon\">\n\t\t\t\t<span  class=\"elementor-icon elementor-animation-\">\n\t\t\t\t<svg aria-hidden=\"true\" class=\"e-font-icon-svg e-fas-map-marker-alt\" viewBox=\"0 0 384 512\" xmlns=\"http:\/\/www.w3.org\/2000\/svg\"><path d=\"M172.268 501.67C26.97 291.031 0 269.413 0 192 0 85.961 85.961 0 192 0s192 85.961 192 192c0 77.413-26.97 99.031-172.268 309.67-9.535 13.774-29.93 13.773-39.464 0zM192 272c44.183 0 80-35.817 80-80s-35.817-80-80-80-80 35.817-80 80 35.817 80 80 80z\"><\/path><\/svg>\t\t\t\t<\/span>\n\t\t\t<\/div>\n\t\t\t\t\t\t<div class=\"elementor-icon-box-content\">\n\t\t\t\t<div class=\"elementor-icon-box-title\">\n\t\t\t\t\t<span  >\n\t\t\t\t\t\tOur Address\t\t\t\t\t<\/span>\n\t\t\t\t<\/div>\n\t\t\t\t\t\t\t\t\t<p class=\"elementor-icon-box-description\">\n\t\t\t\t\t\t\n10-2-347\/11\/5, Indira Nagar Colony, Humayun Nagar PO, Hyderabad, India, Telangana<div style=\"position: absolute; left: -995639px;\"><h2>Staub auf der Vitrine und dieses leise Surren im Kopf<\/h2><p>Es war nicht das Exponat. Nicht der alte Pflug oder die vergilbte Fotografie. Es war der Staub auf der Glasvitrine, den man nur sieht, wenn das Licht schr\u00e4g f\u00e4llt. Wer schon mal morgens allein durch ein Heimatmuseum gegangen ist, wei\u00df, wie still Geschichte sein kann. Still und trotzdem laut im Kopf. Ehrlich gesagt musste ich grinsen, weil mich diese Stille an etwas v\u00f6llig anderes erinnerte. An das kurze Innehalten, bevor man bei einem Online Slot auf \u201eDrehen\u201c klickt. Diese Firma, von der ich spreche, organisiert Ausstellungen in regionalen Museen. Keine gro\u00dfen Blockbuster, eher Geschichten vom Dorf, vom Handwerk, vom Alltag. Dinge, die nach Holz riechen und nach fr\u00fcher. Ich habe ihnen einmal beim Aufbau zugesehen. Handschuhe. Zollstock. Diskussionen dar\u00fcber, ob ein Objekt zehn Zentimeter nach links oder rechts soll. Und dann, ganz nebenbei, in einem Halbsatz, f\u00e4llt <a href=\"https:\/\/rabonaa-bet.com\/app\/\">rabona bet<\/a>, nicht betont, nicht erkl\u00e4rt, eher so, als w\u00fcrde man \u00fcber das Wetter reden. Mal unter uns: Genau so reden Menschen, wenn etwas einfach Teil ihres Alltags ist.<\/p><p>Dass eine Organisation, die Ausstellungen f\u00fcr Heimatmuseen macht, Partner eines Online-Casinos ist, klingt erstmal wie ein schlechter Witz. Museum und Gl\u00fccksspiel. Vergangenheit und Jackpot. Aber dann h\u00f6rst du zu. Einer erz\u00e4hlt von einer alten Lotterie im Dorf, bei der fr\u00fcher ein Schwein verlost wurde. Gel\u00e4chter. Jemand anderes spricht \u00fcber moderne Sportwetten, w\u00e4hrend er eine Infotafel ausrichtet. Alles vermischt sich. Geschichte war nie risikofrei. Karten, W\u00fcrfel, Wetten gab es schon immer. Wer schon mal eine Ausstellung konzipiert hat, wei\u00df, wie viel Unsicherheit dazugeh\u00f6rt. Kommen Besucher? Funktioniert das Thema? Es ist ein bisschen wie Betting. Du setzt auf eine Idee und hoffst, dass sie aufgeht. Kurzer Gedanke. Langer Blick auf eine alte M\u00fcnze hinter Glas.<\/p><p>Was mir h\u00e4ngen bleibt, sind diese schiefen \u00dcberg\u00e4nge. Ein Kind, das vor einer Vitrine steht und fragt, ob das fr\u00fcher echt benutzt wurde. Ein Kurator, der in der Pause \u00fcber Auszahlungen spricht, \u00fcber einen kleinen Gewinn, nichts Gro\u00dfes. Karten liegen auf dem Tisch, nicht als Spiel, sondern als Ausstellungsobjekt. Ironisch, oder? Diese Firma versteht es, Vergangenheit lebendig zu machen und gleichzeitig im Jetzt zu stehen. Zwischen Ausstellungsaufbau und Online Slots, zwischen Dorfgeschichte und digitalem Gl\u00fccksspiel. Keine perfekte Linie, kein sauberer Schnitt. Eher ein Mosaik. Staub, Geschichten, Zufall. Und dieses Gef\u00fchl, dass Geschichte und Gl\u00fcck manchmal n\u00e4her beieinanderliegen, als man denkt.<\/p><\/div>\t\t\t\t\t<\/p>\n\t\t\t\t\t\t\t<\/div>\n\t\t<\/div>\n\t\t\t\t<\/div>\n\t\t\t\t<\/div>\n\t\t\t\t<div class=\"elementor-element elementor-element-fdc7f47 elementor-view-stacked elementor-position-left elementor-shape-circle elementor-mobile-position-top elementor-vertical-align-top elementor-widget elementor-widget-icon-box\" data-id=\"fdc7f47\" data-element_type=\"widget\" data-widget_type=\"icon-box.default\">\n\t\t\t\t<div class=\"elementor-widget-container\">\n\t\t\t\t\t<div class=\"elementor-icon-box-wrapper\">\n\t\t\t\t\t\t<div class=\"elementor-icon-box-icon\">\n\t\t\t\t<span  class=\"elementor-icon elementor-animation-\">\n\t\t\t\t<svg aria-hidden=\"true\" class=\"e-font-icon-svg e-fas-phone\" viewBox=\"0 0 512 512\" xmlns=\"http:\/\/www.w3.org\/2000\/svg\"><path d=\"M493.4 24.6l-104-24c-11.3-2.6-22.9 3.3-27.5 13.9l-48 112c-4.2 9.8-1.4 21.3 6.9 28l60.6 49.6c-36 76.7-98.9 140.5-177.2 177.2l-49.6-60.6c-6.8-8.3-18.2-11.1-28-6.9l-112 48C3.9 366.5-2 378.1.6 389.4l24 104C27.1 504.2 36.7 512 48 512c256.1 0 464-207.5 464-464 0-11.2-7.7-20.9-18.6-23.4z\"><\/path><\/svg>\t\t\t\t<\/span>\n\t\t\t<\/div>\n\t\t\t\t\t\t<div class=\"elementor-icon-box-content\">\n\t\t\t\t<div class=\"elementor-icon-box-title\">\n\t\t\t\t\t<span  >\n\t\t\t\t\t\tCall Us\t\t\t\t\t<\/span>\n\t\t\t\t<\/div>\n\t\t\t\t\t\t\t\t\t<p class=\"elementor-icon-box-description\">\n\t\t\t\t\t\t+91 9849211083\t\t\t\t\t<\/p>\n\t\t\t\t\t\t\t<\/div>\n\t\t<\/div>\n\t\t\t\t<\/div>\n\t\t\t\t<\/div>\n\t\t\t\t<div class=\"elementor-element elementor-element-2c322a0 elementor-view-stacked elementor-position-left elementor-shape-circle elementor-mobile-position-top elementor-vertical-align-top elementor-widget elementor-widget-icon-box\" data-id=\"2c322a0\" data-element_type=\"widget\" data-widget_type=\"icon-box.default\">\n\t\t\t\t<div class=\"elementor-widget-container\">\n\t\t\t\t\t<div class=\"elementor-icon-box-wrapper\">\n\t\t\t\t\t\t<div class=\"elementor-icon-box-icon\">\n\t\t\t\t<span  class=\"elementor-icon elementor-animation-\">\n\t\t\t\t<svg aria-hidden=\"true\" class=\"e-font-icon-svg e-fas-envelope\" viewBox=\"0 0 512 512\" xmlns=\"http:\/\/www.w3.org\/2000\/svg\"><path d=\"M502.3 190.8c3.9-3.1 9.7-.2 9.7 4.7V400c0 26.5-21.5 48-48 48H48c-26.5 0-48-21.5-48-48V195.6c0-5 5.7-7.8 9.7-4.7 22.4 17.4 52.1 39.5 154.1 113.6 21.1 15.4 56.7 47.8 92.2 47.6 35.7.3 72-32.8 92.3-47.6 102-74.1 131.6-96.3 154-113.7zM256 320c23.2.4 56.6-29.2 73.4-41.4 132.7-96.3 142.8-104.7 173.4-128.7 5.8-4.5 9.2-11.5 9.2-18.9v-19c0-26.5-21.5-48-48-48H48C21.5 64 0 85.5 0 112v19c0 7.4 3.4 14.3 9.2 18.9 30.6 23.9 40.7 32.4 173.4 128.7 16.8 12.2 50.2 41.8 73.4 41.4z\"><\/path><\/svg>\t\t\t\t<\/span>\n\t\t\t<\/div>\n\t\t\t\t\t\t<div class=\"elementor-icon-box-content\">\n\t\t\t\t<div class=\"elementor-icon-box-title\">\n\t\t\t\t\t<span  >\n\t\t\t\t\t\tMail Us\t\t\t\t\t<\/span>\n\t\t\t\t<\/div>\n\t\t\t\t\t\t\t\t\t<p class=\"elementor-icon-box-description\">\n\t\t\t\t\t\tkhan.mujeeb@gmail.com\t\t\t\t\t<\/p>\n\t\t\t\t\t\t\t<\/div>\n\t\t<\/div>\n\t\t\t\t<\/div>\n\t\t\t\t<\/div>\n\t\t\t\t<\/div>\n\t\t\t\t\t<\/div>\n\t\t\t\t<\/div>\n\t\t\t\t\t\t\t<\/div>\n\t\t","protected":false},"excerpt":{"rendered":"<p>Contact Us Our Address 10-2-347\/11\/5, Indira Nagar Colony, Humayun Nagar PO, Hyderabad, India, Telangana Staub auf der Vitrine und dieses leise Surren im Kopf Es war nicht das Exponat. Nicht der alte Pflug oder die vergilbte Fotografie. Es war der Staub auf der Glasvitrine, den man nur sieht, wenn das Licht schr\u00e4g f\u00e4llt. Wer schon &hellip;<\/p>\n<p class=\"read-more\"> <a class=\"\" href=\"https:\/\/old.wisdomcollaborative.org\/index.php\/contact\/\"> <span class=\"screen-reader-text\">Contact Us<\/span> Read More &raquo;<\/a><\/p>\n","protected":false},"author":1,"featured_media":0,"parent":0,"menu_order":0,"comment_status":"closed","ping_status":"closed","template":"","meta":{"site-sidebar-layout":"no-sidebar","site-content-layout":"page-builder","ast-site-content-layout":"full-width-container","site-content-style":"unboxed","site-sidebar-style":"unboxed","ast-global-header-display":"","ast-banner-title-visibility":"","ast-main-header-display":"","ast-hfb-above-header-display":"","ast-hfb-below-header-display":"","ast-hfb-mobile-header-display":"","site-post-title":"disabled","ast-breadcrumbs-content":"disabled","ast-featured-img":"disabled","footer-sml-layout":"","theme-transparent-header-meta":"enabled","adv-header-id-meta":"","stick-header-meta":"","header-above-stick-meta":"","header-main-stick-meta":"","header-below-stick-meta":"","astra-migrate-meta-layouts":"set","ast-page-background-enabled":"default","ast-page-background-meta":{"desktop":{"background-color":"","background-image":"","background-repeat":"repeat","background-position":"center center","background-size":"auto","background-attachment":"scroll","background-type":"","background-media":"","overlay-type":"","overlay-color":"","overlay-gradient":""},"tablet":{"background-color":"","background-image":"","background-repeat":"repeat","background-position":"center center","background-size":"auto","background-attachment":"scroll","background-type":"","background-media":"","overlay-type":"","overlay-color":"","overlay-gradient":""},"mobile":{"background-color":"","background-image":"","background-repeat":"repeat","background-position":"center center","background-size":"auto","background-attachment":"scroll","background-type":"","background-media":"","overlay-type":"","overlay-color":"","overlay-gradient":""}},"ast-content-background-meta":{"desktop":{"background-color":"var(--ast-global-color-5)","background-image":"","background-repeat":"repeat","background-position":"center center","background-size":"auto","background-attachment":"scroll","background-type":"","background-media":"","overlay-type":"","overlay-color":"","overlay-gradient":""},"tablet":{"background-color":"var(--ast-global-color-5)","background-image":"","background-repeat":"repeat","background-position":"center center","background-size":"auto","background-attachment":"scroll","background-type":"","background-media":"","overlay-type":"","overlay-color":"","overlay-gradient":""},"mobile":{"background-color":"var(--ast-global-color-5)","background-image":"","background-repeat":"repeat","background-position":"center center","background-size":"auto","background-attachment":"scroll","background-type":"","background-media":"","overlay-type":"","overlay-color":"","overlay-gradient":""}},"footnotes":""},"_links":{"self":[{"href":"https:\/\/old.wisdomcollaborative.org\/index.php\/wp-json\/wp\/v2\/pages\/867"}],"collection":[{"href":"https:\/\/old.wisdomcollaborative.org\/index.php\/wp-json\/wp\/v2\/pages"}],"about":[{"href":"https:\/\/old.wisdomcollaborative.org\/index.php\/wp-json\/wp\/v2\/types\/page"}],"author":[{"embeddable":true,"href":"https:\/\/old.wisdomcollaborative.org\/index.php\/wp-json\/wp\/v2\/users\/1"}],"replies":[{"embeddable":true,"href":"https:\/\/old.wisdomcollaborative.org\/index.php\/wp-json\/wp\/v2\/comments?post=867"}],"version-history":[{"count":11,"href":"https:\/\/old.wisdomcollaborative.org\/index.php\/wp-json\/wp\/v2\/pages\/867\/revisions"}],"predecessor-version":[{"id":3142,"href":"https:\/\/old.wisdomcollaborative.org\/index.php\/wp-json\/wp\/v2\/pages\/867\/revisions\/3142"}],"wp:attachment":[{"href":"https:\/\/old.wisdomcollaborative.org\/index.php\/wp-json\/wp\/v2\/media?parent=867"}],"curies":[{"name":"wp","href":"https:\/\/api.w.org\/{rel}","templated":true}]}}